{"id":1941,"date":"2025-10-23T18:27:46","date_gmt":"2025-10-23T16:27:46","guid":{"rendered":"https:\/\/euclid-ctu.fr\/?page_id=1941"},"modified":"2026-02-02T14:18:04","modified_gmt":"2026-02-02T13:18:04","slug":"a-propos-2","status":"publish","type":"page","link":"https:\/\/euclid-ctu.fr\/fr\/a-propos-2\/","title":{"rendered":"\u00c0 propos"},"content":{"rendered":"\t\t<div data-elementor-type=\"wp-page\" data-elementor-id=\"1941\" class=\"elementor elementor-1941 elementor-1940\" data-elementor-post-type=\"page\">\n\t\t\t\t\t\t<section class=\"elementor-section elementor-top-section elementor-element elementor-element-7b39f47 elementor-section-boxed elementor-section-height-default elementor-section-height-default\" data-id=\"7b39f47\" data-element_type=\"section\" data-settings=\"{&quot;background_background&quot;:&quot;classic&quot;}\">\n\t\t\t\t\t\t<div class=\"elementor-container elementor-column-gap-custom\">\n\t\t\t\t\t<div class=\"elementor-column elementor-col-100 elementor-top-column elementor-element elementor-element-90e00d8\" data-id=\"90e00d8\" data-element_type=\"column\">\n\t\t\t<div class=\"elementor-widget-wrap elementor-element-populated\">\n\t\t\t\t\t\t<div class=\"elementor-element elementor-element-60448e1 elementor-widget elementor-widget-heading\" data-id=\"60448e1\" data-element_type=\"widget\" data-widget_type=\"heading.default\">\n\t\t\t\t\t<h1 class=\"elementor-heading-title elementor-size-default\">A propos de nous<\/h1>\t\t\t\t<\/div>\n\t\t\t\t<div class=\"elementor-element elementor-element-230e3c6 elementor-widget elementor-widget-text-editor\" data-id=\"230e3c6\" data-element_type=\"widget\" data-widget_type=\"text-editor.default\">\n\t\t\t\t\t\t\t\t\t<p>EUropean CLInical Trials Platform &amp; Development (EUCLID) est une structure acad\u00e9mique labellis\u00e9e F-CRIN, cr\u00e9\u00e9e en 2014, impliqu\u00e9e dans des collaborations fructueuses avec le monde acad\u00e9mique et industriel, et dont l\u2019objectif est d\u2019accompagner le duo promoteur\/investigateur dans la mise en \u0153uvre d\u2019essais cliniques internationaux et\/ou complexes.<\/p>\n\t\t\t\t\t\t\t\t<\/div>\n\t\t\t\t<div class=\"elementor-element elementor-element-0e17418 elementor-widget elementor-widget-image\" data-id=\"0e17418\" data-element_type=\"widget\" data-widget_type=\"image.default\">\n\t\t\t\t\t\t\t\t\t\t\t\t\t\t\t\t<a href=\"https:\/\/www.fcrin.org\/\" target=\"_blank\">\n\t\t\t\t\t\t\t<img fetchpriority=\"high\" decoding=\"async\" width=\"300\" height=\"200\" src=\"https:\/\/euclid-ctu.fr\/wp-content\/uploads\/2021\/09\/logo_fcrin_site_new.png\" class=\"elementor-animation-float attachment-large size-large wp-image-1749\" alt=\"Logo f-crin\" \/>\t\t\t\t\t\t\t\t<\/a>\n\t\t\t\t\t\t\t\t\t\t\t\t\t\t\t<\/div>\n\t\t\t\t<div class=\"elementor-element elementor-element-f02be10 elementor-widget elementor-widget-text-editor\" data-id=\"f02be10\" data-element_type=\"widget\" data-widget_type=\"text-editor.default\">\n\t\t\t\t\t\t\t\t\t<p>Nous proposons un ensemble d&#8217;activit\u00e9s de gestion des essais cliniques, de la conception de l\u2019\u00e9tude jusqu\u2019\u00e0 la soumission des rapports aux autorit\u00e9s comp\u00e9tentes et \u00e0 la diffusion des r\u00e9sultats. Nous r\u00e9unissons des ressources r\u00e9gionales existantes avec nos expertises en recherche clinique, incluant l\u2019INSERM, le CHU de Bordeaux, l\u2019Universit\u00e9 de Bordeaux et l\u2019Institut Bergoni\u00e9.<\/p>\n\t\t\t\t\t\t\t\t<\/div>\n\t\t\t\t<div class=\"elementor-element elementor-element-54c89e8 elementor-invisible elementor-widget elementor-widget-ucaddon_creative_buttons\" data-id=\"54c89e8\" data-element_type=\"widget\" data-settings=\"{&quot;_animation&quot;:&quot;fadeInUp&quot;}\" data-widget_type=\"ucaddon_creative_buttons.default\">\n\t\t\t\t<div class=\"elementor-widget-container\">\n\t\t\t\t\t\n<!-- start Creative Button Hovers -->\n\t\t<link id='uc_ac_assets_file_uc_creative_buttons_css_1983-css' href='https:\/\/euclid-ctu.fr\/wp-content\/uploads\/ac_assets\/uc_creative_buttons\/uc_creative_buttons.css' type='text\/css' rel='stylesheet' >\n\n<style>\/* widget: Creative Button Hovers *\/\n\n#uc_creative_buttons_elementor_54c89e8.uc_creative_buttons{\n  text-align: center;\n}\n#uc_creative_buttons_elementor_54c89e8.uc_creative_buttons .uc_button,\n#uc_creative_buttons_elementor_54c89e8.uc_creative_buttons .uc_button::after {\n\ttransition: all 0.3s;\n}\n\n#uc_creative_buttons_elementor_54c89e8.uc_creative_buttons .uc_button {\n\n\n  display: inline-block;\n  overflow:hidden;\n}\n\n<\/style>\n\n<div class=\"uc_creative_buttons\" id=\"uc_creative_buttons_elementor_54c89e8\">\n  <div class=\"container\">\n    <a href=\"https:\/\/euclid-ctu.fr\/fr\/notre-expertise\/\" class=\"uc_button button-padding uc_btn-5\" ><span>Notre expertise<\/span><\/a>\n  <\/div>\n<\/div>\n<!-- end Creative Button Hovers -->\t\t\t\t<\/div>\n\t\t\t\t<\/div>\n\t\t\t\t\t<\/div>\n\t\t<\/div>\n\t\t\t\t\t<\/div>\n\t\t<\/section>\n\t\t\t\t<section class=\"elementor-section elementor-top-section elementor-element elementor-element-6db8135 elementor-section-boxed elementor-section-height-default elementor-section-height-default\" data-id=\"6db8135\" data-element_type=\"section\" data-settings=\"{&quot;background_background&quot;:&quot;classic&quot;}\">\n\t\t\t\t\t\t<div class=\"elementor-container elementor-column-gap-default\">\n\t\t\t\t\t<div class=\"elementor-column elementor-col-100 elementor-top-column elementor-element elementor-element-3781a19\" data-id=\"3781a19\" data-element_type=\"column\">\n\t\t\t<div class=\"elementor-widget-wrap elementor-element-populated\">\n\t\t\t\t\t\t<section class=\"elementor-section elementor-inner-section elementor-element elementor-element-95ae7d9 elementor-section-boxed elementor-section-height-default elementor-section-height-default\" data-id=\"95ae7d9\" data-element_type=\"section\">\n\t\t\t\t\t\t<div class=\"elementor-container elementor-column-gap-default\">\n\t\t\t\t\t<div class=\"elementor-column elementor-col-100 elementor-inner-column elementor-element elementor-element-dbc7ebb\" data-id=\"dbc7ebb\" data-element_type=\"column\">\n\t\t\t<div class=\"elementor-widget-wrap elementor-element-populated\">\n\t\t\t\t\t\t<div class=\"elementor-element elementor-element-ad3e473 elementor-widget elementor-widget-text-editor\" data-id=\"ad3e473\" data-element_type=\"widget\" data-widget_type=\"text-editor.default\">\n\t\t\t\t\t\t\t\t\tEuclid est un consortium compos\u00e9 de : \t\t\t\t\t\t\t\t<\/div>\n\t\t\t\t\t<\/div>\n\t\t<\/div>\n\t\t\t\t\t<\/div>\n\t\t<\/section>\n\t\t\t\t<section class=\"elementor-section elementor-inner-section elementor-element elementor-element-b01cfce elementor-section-boxed elementor-section-height-default elementor-section-height-default\" data-id=\"b01cfce\" data-element_type=\"section\">\n\t\t\t\t\t\t<div class=\"elementor-container elementor-column-gap-default\">\n\t\t\t\t\t<div class=\"elementor-column elementor-col-100 elementor-inner-column elementor-element elementor-element-51dd5dc\" data-id=\"51dd5dc\" data-element_type=\"column\">\n\t\t\t<div class=\"elementor-widget-wrap elementor-element-populated\">\n\t\t\t\t\t\t<div class=\"elementor-element elementor-element-5c7d244 elementor-widget elementor-widget-ucaddon_logo_grid_copy_about\" data-id=\"5c7d244\" data-element_type=\"widget\" data-widget_type=\"ucaddon_logo_grid_copy_about.default\">\n\t\t\t\t<div class=\"elementor-widget-container\">\n\t\t\t\t\t\n<!-- start Logo Grid - about -->\n<style>\/* widget: Logo Grid - about *\/\n\n#uc_logo_grid_copy_about_elementor_5c7d244 {\n  display: grid;\n}\n\n#uc_logo_grid_copy_about_elementor_5c7d244 div.logo-grid-item\n{\ntext-align:center;\ndisplay:flex;\njustify-content:center;\nalign-items:center;\noverflow:hidden;\n  position:relative;\n  transition:0.3s;\n\n}\n\n#uc_logo_grid_copy_about_elementor_5c7d244 div.logo-grid-item img\n{\nwidth:100%;\n  object-fit: contain;\n  display:block;\n  mix-blend-mode: normal;\n  position:absolute;\n  top:0;\n  left:0;\n  right:0;\n  bottom:0;\n  height:100%;\n  transition:0.3s;\n}\n\n\n\n#uc_logo_grid_copy_about_elementor_5c7d244 a\n{\n  display:block;\n  position:absolute;\n  top:0;\n  left:0;\n  right:0;\n  bottom:0;\n  cursor:pointer;\n  display:flex;\njustify-content:center;\nalign-items:center;\n}\n\n<\/style>\n\n<div id=\"uc_logo_grid_copy_about_elementor_5c7d244\" class=\"ue-logo-grid\">\n  <div class=\"logo-grid-item \" >\n\t<a href=\"https:\/\/www.inserm.fr\/\"> \n   \t<img decoding=\"async\" src=\"\" title=\"\">\n  \t<\/a>  \n<\/div>\n  <div class=\"logo-grid-item \" >\n\t<a href=\"https:\/\/www.chu-bordeaux.fr\/\"> \n   \t<img decoding=\"async\" src=\"https:\/\/euclid-ctu.fr\/wp-content\/uploads\/2021\/09\/Logo-CHU-Bordeaux.jpg\" title=\"Logo-CHU-Bordeaux\">\n  \t<\/a>  \n<\/div>\n  <div class=\"logo-grid-item \" >\n\t<a href=\"https:\/\/www.u-bordeaux.fr\/\"> \n   \t<img decoding=\"async\" src=\"https:\/\/euclid-ctu.fr\/wp-content\/uploads\/2025\/07\/UB-300x101.png\" title=\"UB\">\n  \t<\/a>  \n<\/div>\n  <div class=\"logo-grid-item \" >\n\t<a href=\"https:\/\/www.bergonie.fr\/\"> \n   \t<img decoding=\"async\" src=\"https:\/\/euclid-ctu.fr\/wp-content\/uploads\/2021\/09\/Logo-Bergonie.png\" title=\"Logo-Bergonie\">\n  \t<\/a>  \n<\/div>\n  <\/div>\n<!-- end Logo Grid - about -->\t\t\t\t<\/div>\n\t\t\t\t<\/div>\n\t\t\t\t\t<\/div>\n\t\t<\/div>\n\t\t\t\t\t<\/div>\n\t\t<\/section>\n\t\t\t\t\t<\/div>\n\t\t<\/div>\n\t\t\t\t\t<\/div>\n\t\t<\/section>\n\t\t<div class=\"elementor-element elementor-element-6f7fabd e-flex e-con-boxed e-con e-parent\" data-id=\"6f7fabd\" data-element_type=\"container\">\n\t\t\t\t\t<div class=\"e-con-inner\">\n\t\t<div class=\"elementor-element elementor-element-d8038ea e-con-full e-flex e-con e-child\" data-id=\"d8038ea\" data-element_type=\"container\">\n\t\t\t\t<div class=\"elementor-element elementor-element-a3ecca9 animated-slow elementor-invisible elementor-widget elementor-widget-image\" data-id=\"a3ecca9\" data-element_type=\"widget\" data-settings=\"{&quot;_animation&quot;:&quot;fadeIn&quot;}\" data-widget_type=\"image.default\">\n\t\t\t\t\t\t\t\t\t\t\t\t\t\t\t<img decoding=\"async\" width=\"800\" height=\"703\" src=\"https:\/\/euclid-ctu.fr\/wp-content\/uploads\/2026\/01\/Edouard-LHOMME-\u00a9-Gautier-DUFAU-FINALE3-1024x900.jpg\" class=\"attachment-large size-large wp-image-3386\" alt=\"\" srcset=\"https:\/\/euclid-ctu.fr\/wp-content\/uploads\/2026\/01\/Edouard-LHOMME-\u00a9-Gautier-DUFAU-FINALE3-1024x900.jpg 1024w, https:\/\/euclid-ctu.fr\/wp-content\/uploads\/2026\/01\/Edouard-LHOMME-\u00a9-Gautier-DUFAU-FINALE3-300x264.jpg 300w, https:\/\/euclid-ctu.fr\/wp-content\/uploads\/2026\/01\/Edouard-LHOMME-\u00a9-Gautier-DUFAU-FINALE3-768x675.jpg 768w, https:\/\/euclid-ctu.fr\/wp-content\/uploads\/2026\/01\/Edouard-LHOMME-\u00a9-Gautier-DUFAU-FINALE3-1536x1350.jpg 1536w, https:\/\/euclid-ctu.fr\/wp-content\/uploads\/2026\/01\/Edouard-LHOMME-\u00a9-Gautier-DUFAU-FINALE3.jpg 1662w\" sizes=\"(max-width: 800px) 100vw, 800px\" \/>\t\t\t\t\t\t\t\t\t\t\t\t\t\t\t<\/div>\n\t\t\t\t<\/div>\n\t\t<div class=\"elementor-element elementor-element-2e83834 e-con-full e-flex e-con e-child\" data-id=\"2e83834\" data-element_type=\"container\">\n\t\t\t\t<div class=\"elementor-element elementor-element-3b67bbf elementor-widget elementor-widget-text-editor\" data-id=\"3b67bbf\" data-element_type=\"widget\" data-widget_type=\"text-editor.default\">\n\t\t\t\t\t\t\t\t\t<div>\n<p>&#8220;Depuis sa cr\u00e9ation en 2014 par le Pr Genevi\u00e8ve Ch\u00eane, EUCLID s\u2019est construite sur une conviction forte : la recherche clinique d\u2019excellence na\u00eet de la synergie entre <strong>expertises locales bordelaises solides<\/strong>\u00a0et\u00a0<strong>collaborations\u00a0 au niveau international<\/strong>.<br \/>\nPort\u00e9e par le l\u2019Inserm, le CHU de Bordeaux, l\u2019Universit\u00e9 de Bordeaux et l\u2019Institut Bergoni\u00e9, la plateforme rassemble une communaut\u00e9 engag\u00e9e autour d\u2019un m\u00eame objectif : <strong>faire avancer la recherche clinique de qualit\u00e9 et utile aux patients, ensemble<\/strong>.<\/p>\n<p>Unique plateforme\u00a0<strong>labellis\u00e9e F-CRIN<\/strong>\u00a0en France, EUCLID accompagne depuis plus de dix ans des projets\u00a0<strong>ambitieux, internationaux et innovants<\/strong>, contribuant au rayonnement de la recherche clinique fran\u00e7aise sur la sc\u00e8ne scientifique mondiale.&#8221;<\/p>\n<\/div>\n<div><em><b>Dr \u00c9douard Lhomme, Coordinateur de la plateforme EUCLID<\/b><\/em><\/div>\n\t\t\t\t\t\t\t\t<\/div>\n\t\t\t\t<\/div>\n\t\t\t\t\t<\/div>\n\t\t\t\t<\/div>\n\t\t<div class=\"elementor-element elementor-element-a65b902 e-flex e-con-boxed e-con e-parent\" data-id=\"a65b902\" data-element_type=\"container\">\n\t\t\t\t\t<div class=\"e-con-inner\">\n\t\t<div class=\"elementor-element elementor-element-9fa605c e-con-full e-flex e-con e-child\" data-id=\"9fa605c\" data-element_type=\"container\">\n\t\t\t\t<div class=\"elementor-element elementor-element-21c7c2a animated-slow elementor-invisible elementor-widget elementor-widget-image\" data-id=\"21c7c2a\" data-element_type=\"widget\" data-settings=\"{&quot;_animation&quot;:&quot;fadeIn&quot;}\" data-widget_type=\"image.default\">\n\t\t\t\t\t\t\t\t\t\t\t\t\t\t\t<img decoding=\"async\" width=\"800\" height=\"800\" src=\"https:\/\/euclid-ctu.fr\/wp-content\/uploads\/2021\/09\/Illustr-about.svg\" class=\"attachment-large size-large wp-image-1748\" alt=\"\" \/>\t\t\t\t\t\t\t\t\t\t\t\t\t\t\t<\/div>\n\t\t\t\t<div class=\"elementor-element elementor-element-d5b8638 elementor-invisible elementor-widget elementor-widget-text-editor\" data-id=\"d5b8638\" data-element_type=\"widget\" data-settings=\"{&quot;_animation&quot;:&quot;fadeInUp&quot;,&quot;_animation_delay&quot;:200}\" data-widget_type=\"text-editor.default\">\n\t\t\t\t\t\t\t\t\t<p>Notre mission principale est de contribuer au renforcement et \u00e0 l\u2019\u00e9largissement de la base de donn\u00e9es probantes en mati\u00e8re de soins de sant\u00e9, tant \u00e0 l\u2019\u00e9chelle nationale qu\u2019internationale.<\/p>\n\t\t\t\t\t\t\t\t<\/div>\n\t\t\t\t<\/div>\n\t\t<div class=\"elementor-element elementor-element-e9dc888 e-con-full e-flex e-con e-child\" data-id=\"e9dc888\" data-element_type=\"container\">\n\t\t\t\t<div class=\"elementor-element elementor-element-58ae59c about-css elementor-widget elementor-widget-text-editor\" data-id=\"58ae59c\" data-element_type=\"widget\" data-widget_type=\"text-editor.default\">\n\t\t\t\t\t\t\t\t\t<p>Nous sommes situ\u00e9s dans le sud de la France, au c\u0153ur de l&#8217;Institut de Sant\u00e9 Publique d\u2019\u00c9pid\u00e9miologie et de D\u00e9veloppement (ISPED) et de l&#8217;Institut National de la Sant\u00e9 et de la Recherche M\u00e9dicale (INSERM) de Bordeaux, qui abritent un centre d\u2019excellence reconnu en recherche biostatistique et \u00e9pid\u00e9miologique.<\/p>\n<p>Cr\u00e9\u00e9 en janvier 2014, EUCLID a un portefeuille de 28 projets de premier plan, dont 10 financ\u00e9s par la Commission europ\u00e9enne.<\/p>\n<h2>7 bonnes raisons de travailler avec nous<\/h2>\n<ol>\n<li>Environnement scientifique local solide en sant\u00e9 publique et recherche clinique<\/li>\n<li>Conduite et coordination r\u00e9ussies d\u2019essais internationaux dans un domaine de recherche concurrentiel<\/li>\n<li>Solutions sur mesure pour la conception des essais : plans d\u2019\u00e9tudes optimis\u00e9s, innovations, monitorage bas\u00e9 sur les risques<\/li>\n<li>Gain de temps et d\u2019efforts : syst\u00e8mes robustes garantissant la conduite et la r\u00e9alisation d\u2019essais cliniques selon les normes de qualit\u00e9 les plus \u00e9lev\u00e9es<\/li>\n<li>Couverture compl\u00e8te des activit\u00e9s pour mener des essais \u00e0 toutes les \u00e9tapes du d\u00e9veloppement clinique<\/li>\n<li>\u00c9quipes certifi\u00e9es ISO 9001:2015<\/li>\n<li>Communication harmonis\u00e9e<\/li>\n<\/ol>\n<h2>Syst\u00e8me de gestion de la qualit\u00e9 et des risques<\/h2>\n<p>Les syst\u00e8mes de gestion de la qualit\u00e9 et les activit\u00e9s de gestion des essais existants au sein d\u2019EUCLID sont int\u00e9gr\u00e9s dans un syst\u00e8me de gestion de la qualit\u00e9 commun, r\u00e9pondant aux normes les plus \u00e9lev\u00e9es (approche de certification ISO 9001:2015).<\/p>\n\t\t\t\t\t\t\t\t<\/div>\n\t\t\t\t<\/div>\n\t\t\t\t\t<\/div>\n\t\t\t\t<\/div>\n\t\t\t\t<\/div>\n\t\t","protected":false},"excerpt":{"rendered":"","protected":false},"author":2,"featured_media":1812,"parent":0,"menu_order":5,"comment_status":"closed","ping_status":"closed","template":"","meta":{"_acf_changed":false,"inline_featured_image":false,"footnotes":""},"class_list":["post-1941","page","type-page","status-publish","has-post-thumbnail","hentry"],"acf":[],"yoast_head":"<!-- This site is optimized with the Yoast SEO plugin v27.4 - https:\/\/yoast.com\/product\/yoast-seo-wordpress\/ -->\n<title>EUCLID Clinical Trial Unit - About us<\/title>\n<meta name=\"description\" content=\"EUCLID provide the full range of clinical trial management activities from study design to reporting to Competent Authorities and dissemination.\" \/>\n<meta name=\"robots\" content=\"index, follow, max-snippet:-1, max-image-preview:large, max-video-preview:-1\" \/>\n<link rel=\"canonical\" href=\"https:\/\/euclid-ctu.fr\/fr\/a-propos-2\/\" \/>\n<meta property=\"og:locale\" content=\"fr_FR\" \/>\n<meta property=\"og:type\" content=\"article\" \/>\n<meta property=\"og:title\" content=\"EUCLID Clinical Trial Unit - About us\" \/>\n<meta property=\"og:description\" content=\"EUCLID provide the full range of clinical trial management activities from study design to reporting to Competent Authorities and dissemination.\" \/>\n<meta property=\"og:url\" content=\"https:\/\/euclid-ctu.fr\/fr\/a-propos-2\/\" \/>\n<meta property=\"og:site_name\" content=\"Euclid\" \/>\n<meta property=\"article:modified_time\" content=\"2026-02-02T13:18:04+00:00\" \/>\n<meta property=\"og:image\" content=\"https:\/\/euclid-ctu.fr\/wp-content\/uploads\/2021\/11\/euclid-mea.jpg\" \/>\n\t<meta property=\"og:image:width\" content=\"800\" \/>\n\t<meta property=\"og:image:height\" content=\"800\" \/>\n\t<meta property=\"og:image:type\" content=\"image\/jpeg\" \/>\n<meta name=\"twitter:card\" content=\"summary_large_image\" \/>\n<meta name=\"twitter:label1\" content=\"Dur\u00e9e de lecture estim\u00e9e\" \/>\n\t<meta name=\"twitter:data1\" content=\"5 minutes\" \/>\n<script type=\"application\/ld+json\" class=\"yoast-schema-graph\">{\"@context\":\"https:\\\/\\\/schema.org\",\"@graph\":[{\"@type\":\"WebPage\",\"@id\":\"https:\\\/\\\/euclid-ctu.fr\\\/fr\\\/a-propos-2\\\/\",\"url\":\"https:\\\/\\\/euclid-ctu.fr\\\/fr\\\/a-propos-2\\\/\",\"name\":\"EUCLID Clinical Trial Unit - About us\",\"isPartOf\":{\"@id\":\"https:\\\/\\\/euclid-ctu.fr\\\/fr\\\/#website\"},\"primaryImageOfPage\":{\"@id\":\"https:\\\/\\\/euclid-ctu.fr\\\/fr\\\/a-propos-2\\\/#primaryimage\"},\"image\":{\"@id\":\"https:\\\/\\\/euclid-ctu.fr\\\/fr\\\/a-propos-2\\\/#primaryimage\"},\"thumbnailUrl\":\"https:\\\/\\\/euclid-ctu.fr\\\/wp-content\\\/uploads\\\/2021\\\/11\\\/euclid-mea.jpg\",\"datePublished\":\"2025-10-23T16:27:46+00:00\",\"dateModified\":\"2026-02-02T13:18:04+00:00\",\"description\":\"EUCLID provide the full range of clinical trial management activities from study design to reporting to Competent Authorities and dissemination.\",\"breadcrumb\":{\"@id\":\"https:\\\/\\\/euclid-ctu.fr\\\/fr\\\/a-propos-2\\\/#breadcrumb\"},\"inLanguage\":\"fr-FR\",\"potentialAction\":[{\"@type\":\"ReadAction\",\"target\":[\"https:\\\/\\\/euclid-ctu.fr\\\/fr\\\/a-propos-2\\\/\"]}]},{\"@type\":\"ImageObject\",\"inLanguage\":\"fr-FR\",\"@id\":\"https:\\\/\\\/euclid-ctu.fr\\\/fr\\\/a-propos-2\\\/#primaryimage\",\"url\":\"https:\\\/\\\/euclid-ctu.fr\\\/wp-content\\\/uploads\\\/2021\\\/11\\\/euclid-mea.jpg\",\"contentUrl\":\"https:\\\/\\\/euclid-ctu.fr\\\/wp-content\\\/uploads\\\/2021\\\/11\\\/euclid-mea.jpg\",\"width\":800,\"height\":800},{\"@type\":\"BreadcrumbList\",\"@id\":\"https:\\\/\\\/euclid-ctu.fr\\\/fr\\\/a-propos-2\\\/#breadcrumb\",\"itemListElement\":[{\"@type\":\"ListItem\",\"position\":1,\"name\":\"Accueil\",\"item\":\"https:\\\/\\\/euclid-ctu.fr\\\/fr\\\/\"},{\"@type\":\"ListItem\",\"position\":2,\"name\":\"\u00c0 propos\"}]},{\"@type\":\"WebSite\",\"@id\":\"https:\\\/\\\/euclid-ctu.fr\\\/fr\\\/#website\",\"url\":\"https:\\\/\\\/euclid-ctu.fr\\\/fr\\\/\",\"name\":\"Euclid\",\"description\":\"Centre of excellence for clinical trials\",\"publisher\":{\"@id\":\"https:\\\/\\\/euclid-ctu.fr\\\/fr\\\/#organization\"},\"potentialAction\":[{\"@type\":\"SearchAction\",\"target\":{\"@type\":\"EntryPoint\",\"urlTemplate\":\"https:\\\/\\\/euclid-ctu.fr\\\/fr\\\/?s={search_term_string}\"},\"query-input\":{\"@type\":\"PropertyValueSpecification\",\"valueRequired\":true,\"valueName\":\"search_term_string\"}}],\"inLanguage\":\"fr-FR\"},{\"@type\":\"Organization\",\"@id\":\"https:\\\/\\\/euclid-ctu.fr\\\/fr\\\/#organization\",\"name\":\"Euclid\",\"url\":\"https:\\\/\\\/euclid-ctu.fr\\\/fr\\\/\",\"logo\":{\"@type\":\"ImageObject\",\"inLanguage\":\"fr-FR\",\"@id\":\"https:\\\/\\\/euclid-ctu.fr\\\/fr\\\/#\\\/schema\\\/logo\\\/image\\\/\",\"url\":\"https:\\\/\\\/euclid-ctu.fr\\\/wp-content\\\/uploads\\\/2021\\\/09\\\/euclid-logo-3.svg\",\"contentUrl\":\"https:\\\/\\\/euclid-ctu.fr\\\/wp-content\\\/uploads\\\/2021\\\/09\\\/euclid-logo-3.svg\",\"width\":216,\"height\":74,\"caption\":\"Euclid\"},\"image\":{\"@id\":\"https:\\\/\\\/euclid-ctu.fr\\\/fr\\\/#\\\/schema\\\/logo\\\/image\\\/\"}}]}<\/script>\n<!-- \/ Yoast SEO plugin. -->","yoast_head_json":{"title":"EUCLID Clinical Trial Unit - About us","description":"EUCLID provide the full range of clinical trial management activities from study design to reporting to Competent Authorities and dissemination.","robots":{"index":"index","follow":"follow","max-snippet":"max-snippet:-1","max-image-preview":"max-image-preview:large","max-video-preview":"max-video-preview:-1"},"canonical":"https:\/\/euclid-ctu.fr\/fr\/a-propos-2\/","og_locale":"fr_FR","og_type":"article","og_title":"EUCLID Clinical Trial Unit - About us","og_description":"EUCLID provide the full range of clinical trial management activities from study design to reporting to Competent Authorities and dissemination.","og_url":"https:\/\/euclid-ctu.fr\/fr\/a-propos-2\/","og_site_name":"Euclid","article_modified_time":"2026-02-02T13:18:04+00:00","og_image":[{"width":800,"height":800,"url":"https:\/\/euclid-ctu.fr\/wp-content\/uploads\/2021\/11\/euclid-mea.jpg","type":"image\/jpeg"}],"twitter_card":"summary_large_image","twitter_misc":{"Dur\u00e9e de lecture estim\u00e9e":"5 minutes"},"schema":{"@context":"https:\/\/schema.org","@graph":[{"@type":"WebPage","@id":"https:\/\/euclid-ctu.fr\/fr\/a-propos-2\/","url":"https:\/\/euclid-ctu.fr\/fr\/a-propos-2\/","name":"EUCLID Clinical Trial Unit - About us","isPartOf":{"@id":"https:\/\/euclid-ctu.fr\/fr\/#website"},"primaryImageOfPage":{"@id":"https:\/\/euclid-ctu.fr\/fr\/a-propos-2\/#primaryimage"},"image":{"@id":"https:\/\/euclid-ctu.fr\/fr\/a-propos-2\/#primaryimage"},"thumbnailUrl":"https:\/\/euclid-ctu.fr\/wp-content\/uploads\/2021\/11\/euclid-mea.jpg","datePublished":"2025-10-23T16:27:46+00:00","dateModified":"2026-02-02T13:18:04+00:00","description":"EUCLID provide the full range of clinical trial management activities from study design to reporting to Competent Authorities and dissemination.","breadcrumb":{"@id":"https:\/\/euclid-ctu.fr\/fr\/a-propos-2\/#breadcrumb"},"inLanguage":"fr-FR","potentialAction":[{"@type":"ReadAction","target":["https:\/\/euclid-ctu.fr\/fr\/a-propos-2\/"]}]},{"@type":"ImageObject","inLanguage":"fr-FR","@id":"https:\/\/euclid-ctu.fr\/fr\/a-propos-2\/#primaryimage","url":"https:\/\/euclid-ctu.fr\/wp-content\/uploads\/2021\/11\/euclid-mea.jpg","contentUrl":"https:\/\/euclid-ctu.fr\/wp-content\/uploads\/2021\/11\/euclid-mea.jpg","width":800,"height":800},{"@type":"BreadcrumbList","@id":"https:\/\/euclid-ctu.fr\/fr\/a-propos-2\/#breadcrumb","itemListElement":[{"@type":"ListItem","position":1,"name":"Accueil","item":"https:\/\/euclid-ctu.fr\/fr\/"},{"@type":"ListItem","position":2,"name":"\u00c0 propos"}]},{"@type":"WebSite","@id":"https:\/\/euclid-ctu.fr\/fr\/#website","url":"https:\/\/euclid-ctu.fr\/fr\/","name":"Euclid","description":"Centre of excellence for clinical trials","publisher":{"@id":"https:\/\/euclid-ctu.fr\/fr\/#organization"},"potentialAction":[{"@type":"SearchAction","target":{"@type":"EntryPoint","urlTemplate":"https:\/\/euclid-ctu.fr\/fr\/?s={search_term_string}"},"query-input":{"@type":"PropertyValueSpecification","valueRequired":true,"valueName":"search_term_string"}}],"inLanguage":"fr-FR"},{"@type":"Organization","@id":"https:\/\/euclid-ctu.fr\/fr\/#organization","name":"Euclid","url":"https:\/\/euclid-ctu.fr\/fr\/","logo":{"@type":"ImageObject","inLanguage":"fr-FR","@id":"https:\/\/euclid-ctu.fr\/fr\/#\/schema\/logo\/image\/","url":"https:\/\/euclid-ctu.fr\/wp-content\/uploads\/2021\/09\/euclid-logo-3.svg","contentUrl":"https:\/\/euclid-ctu.fr\/wp-content\/uploads\/2021\/09\/euclid-logo-3.svg","width":216,"height":74,"caption":"Euclid"},"image":{"@id":"https:\/\/euclid-ctu.fr\/fr\/#\/schema\/logo\/image\/"}}]}},"_links":{"self":[{"href":"https:\/\/euclid-ctu.fr\/fr\/wp-json\/wp\/v2\/pages\/1941","targetHints":{"allow":["GET"]}}],"collection":[{"href":"https:\/\/euclid-ctu.fr\/fr\/wp-json\/wp\/v2\/pages"}],"about":[{"href":"https:\/\/euclid-ctu.fr\/fr\/wp-json\/wp\/v2\/types\/page"}],"author":[{"embeddable":true,"href":"https:\/\/euclid-ctu.fr\/fr\/wp-json\/wp\/v2\/users\/2"}],"replies":[{"embeddable":true,"href":"https:\/\/euclid-ctu.fr\/fr\/wp-json\/wp\/v2\/comments?post=1941"}],"version-history":[{"count":21,"href":"https:\/\/euclid-ctu.fr\/fr\/wp-json\/wp\/v2\/pages\/1941\/revisions"}],"predecessor-version":[{"id":4085,"href":"https:\/\/euclid-ctu.fr\/fr\/wp-json\/wp\/v2\/pages\/1941\/revisions\/4085"}],"wp:featuredmedia":[{"embeddable":true,"href":"https:\/\/euclid-ctu.fr\/fr\/wp-json\/wp\/v2\/media\/1812"}],"wp:attachment":[{"href":"https:\/\/euclid-ctu.fr\/fr\/wp-json\/wp\/v2\/media?parent=1941"}],"curies":[{"name":"wp","href":"https:\/\/api.w.org\/{rel}","templated":true}]}}