{"id":1842,"date":"2021-09-10T11:31:53","date_gmt":"2021-09-10T09:31:53","guid":{"rendered":"https:\/\/euclid-ctu.fr\/privacy-policy\/"},"modified":"2025-10-22T14:34:33","modified_gmt":"2025-10-22T12:34:33","slug":"politique-de-confidentialite","status":"publish","type":"page","link":"https:\/\/euclid-ctu.fr\/fr\/politique-de-confidentialite\/","title":{"rendered":"Politique de confidentialit\u00e9"},"content":{"rendered":"\t\t<div data-elementor-type=\"wp-page\" data-elementor-id=\"1842\" class=\"elementor elementor-1842 elementor-635\" data-elementor-post-type=\"page\">\n\t\t\t\t\t\t<section class=\"elementor-section elementor-top-section elementor-element elementor-element-161a748 elementor-section-boxed elementor-section-height-default elementor-section-height-default\" data-id=\"161a748\" data-element_type=\"section\" data-settings=\"{&quot;background_background&quot;:&quot;classic&quot;}\">\n\t\t\t\t\t\t<div class=\"elementor-container elementor-column-gap-default\">\n\t\t\t\t\t<div class=\"elementor-column elementor-col-100 elementor-top-column elementor-element elementor-element-db1c329\" data-id=\"db1c329\" data-element_type=\"column\">\n\t\t\t<div class=\"elementor-widget-wrap elementor-element-populated\">\n\t\t\t\t\t\t<div class=\"elementor-element elementor-element-7bf50f6 elementor-widget elementor-widget-heading\" data-id=\"7bf50f6\" data-element_type=\"widget\" data-widget_type=\"heading.default\">\n\t\t\t\t\t<h1 class=\"elementor-heading-title elementor-size-default\">Privacy Policy<\/h1>\t\t\t\t<\/div>\n\t\t\t\t<div class=\"elementor-element elementor-element-d4df5cd elementor-widget elementor-widget-text-editor\" data-id=\"d4df5cd\" data-element_type=\"widget\" data-widget_type=\"text-editor.default\">\n\t\t\t\t\t\t\t\t\t<h2><strong>Site internet euclid-ctu.fr<\/strong><\/h2>\n<p>EUCLID, CIC-EC 1401 Bordeaux, module Epid\u00e9miologie Clinique<\/p>\n<p>Si\u00e8ge social : Universit\u00e9 de Bordeaux &#8211; ISPED | 146, rue L\u00e9o Saignat \u2013 CS61292 | 33076 Bordeaux cedex FRANCE<\/p>\n<p>&nbsp;<\/p>\n<h2><b>H\u00e9bergeur<\/b><\/h2>\n<p>OVH \u2013 Si\u00e8ge social : 2, rue Kellermann \u2013 59100 Roubaix \u2013 France<\/p>\n<p>&nbsp;<\/p>\n<h2><b>Conception &amp; r\u00e9alisation<\/b><\/h2>\n<p><a href=\"https:\/\/newround.net\" target=\"_blank\" rel=\"noopener\">Newround<\/a><\/p>\n<p>&nbsp;<\/p>\n<div id=\"page\" class=\"site grid-container container hfeed grid-parent\">\n<div id=\"content\" class=\"site-content\">\n<div id=\"primary\" class=\"content-area grid-parent mobile-grid-100 grid-100 tablet-grid-100\">\n<h2><strong>Responsabilit\u00e9<\/strong><\/h2>\n<article id=\"post-2237\" class=\"post-2237 page type-page status-publish\">\n<div class=\"inside-article\">\n<div class=\"entry-content\">\n<div class=\"elementor elementor-2237 dce-elementor-post-2237\" data-elementor-type=\"wp-page\" data-elementor-id=\"2237\" data-post-id=\"2237\" data-obj-id=\"2237\" data-elementor-settings=\"[]\">\n<div class=\"elementor-inner\">\n<div class=\"elementor-section-wrap\">\n<section class=\"elementor-section elementor-top-section elementor-element elementor-element-499fc64 elementor-section-boxed elementor-section-height-default elementor-section-height-default\" data-id=\"499fc64\" data-element_type=\"section\">\n<div class=\"elementor-container elementor-column-gap-default\">\n<div class=\"elementor-row\">\n<div class=\"elementor-column elementor-col-100 elementor-top-column elementor-element elementor-element-6159698\" data-id=\"6159698\" data-element_type=\"column\">\n<div class=\"elementor-column-wrap elementor-element-populated\">\n<div class=\"elementor-widget-wrap\">\n<div class=\"elementor-element elementor-element-6b22f9ae elementor-widget elementor-widget-text-editor\" data-id=\"6b22f9ae\" data-element_type=\"widget\" data-widget_type=\"text-editor.default\">\n<div class=\"elementor-widget-container\">\n<div class=\"elementor-text-editor elementor-clearfix\">\n<p>Le propri\u00e9taire assure la responsabilit\u00e9 des informations fournies et s\u2019efforce d\u2019assurer au mieux l\u2019exactitude et la mise \u00e0 jour de celles-ci. Il se r\u00e9serve le droit de modifier le contenu \u00e0 tout moment et sans pr\u00e9avis.<\/p>\n<p>&nbsp;<\/p>\n<h2><strong>Traitement des donn\u00e9es personnelles<\/strong><\/h2>\n<p>Conform\u00e9ment \u00e0 la loi Informatique et Libert\u00e9s et le R\u00e8glement Europ\u00e9en G\u00e9n\u00e9ral sur la Protection des Donn\u00e9es 2016\/679 (RGPD), vous disposez des droits de rectification et de suppression des donn\u00e9es personnelles vous concernant que vous pouvez exercer en nous envoyant un mail\u00a0<a href=\"https:\/\/euclid-ctu.fr\/contact\/\">via le formulaire de contact<\/a>.<\/p>\n<p>&nbsp;<\/p>\n<h2><strong>Cookies<\/strong><\/h2>\n<p>Nous utilisons des cookies pour vous garantir la meilleure exp\u00e9rience sur notre site web. Si vous continuez \u00e0 utiliser ce site, nous supposerons que vous en \u00eates satisfait.<\/p>\n<p>&nbsp;<\/p>\n<h2><strong>Hyperliens<\/strong><\/h2>\n<p>Les hyperliens sur le site visant des sites externes n\u2019engagent pas notre responsabilit\u00e9 quant au contenu de ces sites.<\/p>\n<p>&nbsp;<\/p>\n<\/div>\n<\/div>\n<\/div>\n<\/div>\n<\/div>\n<\/div>\n<\/div>\n<\/div>\n<\/section>\n<\/div>\n<\/div>\n<\/div>\n<\/div>\n<\/div>\n<\/article>\n<p>&nbsp;<\/p>\n<\/div>\n<\/div>\n<\/div>\n<div class=\"site-footer\">\n<div class=\"elementor elementor-180 dce-elementor-post-2237 elementor-location-footer\" data-elementor-type=\"footer\" data-elementor-id=\"180\" data-post-id=\"2237\" data-obj-id=\"2237\" data-elementor-settings=\"[]\">\n<div class=\"elementor-section-wrap\">\n<footer class=\"elementor-section elementor-top-section elementor-element elementor-element-429a285d elementor-section-stretched elementor-section-height-min-height elementor-section-boxed elementor-section-height-default elementor-section-items-middle\" data-dce-background-color=\"#2A2A2A\" data-id=\"429a285d\" data-element_type=\"section\" data-settings=\"{&quot;stretch_section&quot;:&quot;section-stretched&quot;,&quot;background_background&quot;:&quot;classic&quot;}\">\n<div class=\"elementor-container elementor-column-gap-default\">\n<div class=\"elementor-row\">\n<div class=\"elementor-column elementor-col-50 elementor-top-column elementor-element elementor-element-72249570\" data-id=\"72249570\" data-element_type=\"column\">\n<div class=\"elementor-column-wrap elementor-element-populated\">\n<div class=\"elementor-widget-wrap\">\n<div class=\"elementor-element elementor-element-26e4cc3a elementor-widget elementor-widget-heading\" data-id=\"26e4cc3a\" data-element_type=\"widget\" data-widget_type=\"heading.default\">\n<div class=\"elementor-widget-container\"><\/div>\n<\/div>\n<\/div>\n<\/div>\n<\/div>\n<\/div>\n<\/div>\n<\/footer>\n<\/div>\n<\/div>\n<\/div>\n\t\t\t\t\t\t\t\t<\/div>\n\t\t\t\t\t<\/div>\n\t\t<\/div>\n\t\t\t\t\t<\/div>\n\t\t<\/section>\n\t\t\t\t<\/div>\n\t\t","protected":false},"excerpt":{"rendered":"<p>Privacy Policy<\/p>\n","protected":false},"author":2,"featured_media":1812,"parent":0,"menu_order":12,"comment_status":"closed","ping_status":"closed","template":"","meta":{"_acf_changed":false,"inline_featured_image":false,"footnotes":""},"class_list":["post-1842","page","type-page","status-publish","has-post-thumbnail","hentry"],"acf":[],"yoast_head":"<!-- This site is optimized with the Yoast SEO plugin v27.4 - https:\/\/yoast.com\/product\/yoast-seo-wordpress\/ -->\n<title>EUCLID Clinical Trial Unit - Privacy policy<\/title>\n<meta name=\"robots\" content=\"index, follow, max-snippet:-1, max-image-preview:large, max-video-preview:-1\" \/>\n<link rel=\"canonical\" href=\"https:\/\/euclid-ctu.fr\/fr\/politique-de-confidentialite\/\" \/>\n<meta property=\"og:locale\" content=\"fr_FR\" \/>\n<meta property=\"og:type\" content=\"article\" \/>\n<meta property=\"og:title\" content=\"EUCLID Clinical Trial Unit - Privacy policy\" \/>\n<meta property=\"og:description\" content=\"Privacy Policy\" \/>\n<meta property=\"og:url\" content=\"https:\/\/euclid-ctu.fr\/fr\/politique-de-confidentialite\/\" \/>\n<meta property=\"og:site_name\" content=\"Euclid\" \/>\n<meta property=\"article:modified_time\" content=\"2025-10-22T12:34:33+00:00\" \/>\n<meta property=\"og:image\" content=\"https:\/\/euclid-ctu.fr\/wp-content\/uploads\/2021\/11\/euclid-mea.jpg\" \/>\n\t<meta property=\"og:image:width\" content=\"800\" \/>\n\t<meta property=\"og:image:height\" content=\"800\" \/>\n\t<meta property=\"og:image:type\" content=\"image\/jpeg\" \/>\n<meta name=\"twitter:card\" content=\"summary_large_image\" \/>\n<meta name=\"twitter:label1\" content=\"Dur\u00e9e de lecture estim\u00e9e\" \/>\n\t<meta name=\"twitter:data1\" content=\"1 minute\" \/>\n<script type=\"application\/ld+json\" class=\"yoast-schema-graph\">{\"@context\":\"https:\\\/\\\/schema.org\",\"@graph\":[{\"@type\":\"WebPage\",\"@id\":\"https:\\\/\\\/euclid-ctu.fr\\\/fr\\\/politique-de-confidentialite\\\/\",\"url\":\"https:\\\/\\\/euclid-ctu.fr\\\/fr\\\/politique-de-confidentialite\\\/\",\"name\":\"EUCLID Clinical Trial Unit - Privacy policy\",\"isPartOf\":{\"@id\":\"https:\\\/\\\/euclid-ctu.fr\\\/fr\\\/#website\"},\"primaryImageOfPage\":{\"@id\":\"https:\\\/\\\/euclid-ctu.fr\\\/fr\\\/politique-de-confidentialite\\\/#primaryimage\"},\"image\":{\"@id\":\"https:\\\/\\\/euclid-ctu.fr\\\/fr\\\/politique-de-confidentialite\\\/#primaryimage\"},\"thumbnailUrl\":\"https:\\\/\\\/euclid-ctu.fr\\\/wp-content\\\/uploads\\\/2021\\\/11\\\/euclid-mea.jpg\",\"datePublished\":\"2021-09-10T09:31:53+00:00\",\"dateModified\":\"2025-10-22T12:34:33+00:00\",\"breadcrumb\":{\"@id\":\"https:\\\/\\\/euclid-ctu.fr\\\/fr\\\/politique-de-confidentialite\\\/#breadcrumb\"},\"inLanguage\":\"fr-FR\",\"potentialAction\":[{\"@type\":\"ReadAction\",\"target\":[\"https:\\\/\\\/euclid-ctu.fr\\\/fr\\\/politique-de-confidentialite\\\/\"]}]},{\"@type\":\"ImageObject\",\"inLanguage\":\"fr-FR\",\"@id\":\"https:\\\/\\\/euclid-ctu.fr\\\/fr\\\/politique-de-confidentialite\\\/#primaryimage\",\"url\":\"https:\\\/\\\/euclid-ctu.fr\\\/wp-content\\\/uploads\\\/2021\\\/11\\\/euclid-mea.jpg\",\"contentUrl\":\"https:\\\/\\\/euclid-ctu.fr\\\/wp-content\\\/uploads\\\/2021\\\/11\\\/euclid-mea.jpg\",\"width\":800,\"height\":800},{\"@type\":\"BreadcrumbList\",\"@id\":\"https:\\\/\\\/euclid-ctu.fr\\\/fr\\\/politique-de-confidentialite\\\/#breadcrumb\",\"itemListElement\":[{\"@type\":\"ListItem\",\"position\":1,\"name\":\"Accueil\",\"item\":\"https:\\\/\\\/euclid-ctu.fr\\\/fr\\\/\"},{\"@type\":\"ListItem\",\"position\":2,\"name\":\"Politique de confidentialit\u00e9\"}]},{\"@type\":\"WebSite\",\"@id\":\"https:\\\/\\\/euclid-ctu.fr\\\/fr\\\/#website\",\"url\":\"https:\\\/\\\/euclid-ctu.fr\\\/fr\\\/\",\"name\":\"Euclid\",\"description\":\"Centre of excellence for clinical trials\",\"publisher\":{\"@id\":\"https:\\\/\\\/euclid-ctu.fr\\\/fr\\\/#organization\"},\"potentialAction\":[{\"@type\":\"SearchAction\",\"target\":{\"@type\":\"EntryPoint\",\"urlTemplate\":\"https:\\\/\\\/euclid-ctu.fr\\\/fr\\\/?s={search_term_string}\"},\"query-input\":{\"@type\":\"PropertyValueSpecification\",\"valueRequired\":true,\"valueName\":\"search_term_string\"}}],\"inLanguage\":\"fr-FR\"},{\"@type\":\"Organization\",\"@id\":\"https:\\\/\\\/euclid-ctu.fr\\\/fr\\\/#organization\",\"name\":\"Euclid\",\"url\":\"https:\\\/\\\/euclid-ctu.fr\\\/fr\\\/\",\"logo\":{\"@type\":\"ImageObject\",\"inLanguage\":\"fr-FR\",\"@id\":\"https:\\\/\\\/euclid-ctu.fr\\\/fr\\\/#\\\/schema\\\/logo\\\/image\\\/\",\"url\":\"https:\\\/\\\/euclid-ctu.fr\\\/wp-content\\\/uploads\\\/2021\\\/09\\\/euclid-logo-3.svg\",\"contentUrl\":\"https:\\\/\\\/euclid-ctu.fr\\\/wp-content\\\/uploads\\\/2021\\\/09\\\/euclid-logo-3.svg\",\"width\":216,\"height\":74,\"caption\":\"Euclid\"},\"image\":{\"@id\":\"https:\\\/\\\/euclid-ctu.fr\\\/fr\\\/#\\\/schema\\\/logo\\\/image\\\/\"}}]}<\/script>\n<!-- \/ Yoast SEO plugin. -->","yoast_head_json":{"title":"EUCLID Clinical Trial Unit - Privacy policy","robots":{"index":"index","follow":"follow","max-snippet":"max-snippet:-1","max-image-preview":"max-image-preview:large","max-video-preview":"max-video-preview:-1"},"canonical":"https:\/\/euclid-ctu.fr\/fr\/politique-de-confidentialite\/","og_locale":"fr_FR","og_type":"article","og_title":"EUCLID Clinical Trial Unit - Privacy policy","og_description":"Privacy Policy","og_url":"https:\/\/euclid-ctu.fr\/fr\/politique-de-confidentialite\/","og_site_name":"Euclid","article_modified_time":"2025-10-22T12:34:33+00:00","og_image":[{"width":800,"height":800,"url":"https:\/\/euclid-ctu.fr\/wp-content\/uploads\/2021\/11\/euclid-mea.jpg","type":"image\/jpeg"}],"twitter_card":"summary_large_image","twitter_misc":{"Dur\u00e9e de lecture estim\u00e9e":"1 minute"},"schema":{"@context":"https:\/\/schema.org","@graph":[{"@type":"WebPage","@id":"https:\/\/euclid-ctu.fr\/fr\/politique-de-confidentialite\/","url":"https:\/\/euclid-ctu.fr\/fr\/politique-de-confidentialite\/","name":"EUCLID Clinical Trial Unit - Privacy policy","isPartOf":{"@id":"https:\/\/euclid-ctu.fr\/fr\/#website"},"primaryImageOfPage":{"@id":"https:\/\/euclid-ctu.fr\/fr\/politique-de-confidentialite\/#primaryimage"},"image":{"@id":"https:\/\/euclid-ctu.fr\/fr\/politique-de-confidentialite\/#primaryimage"},"thumbnailUrl":"https:\/\/euclid-ctu.fr\/wp-content\/uploads\/2021\/11\/euclid-mea.jpg","datePublished":"2021-09-10T09:31:53+00:00","dateModified":"2025-10-22T12:34:33+00:00","breadcrumb":{"@id":"https:\/\/euclid-ctu.fr\/fr\/politique-de-confidentialite\/#breadcrumb"},"inLanguage":"fr-FR","potentialAction":[{"@type":"ReadAction","target":["https:\/\/euclid-ctu.fr\/fr\/politique-de-confidentialite\/"]}]},{"@type":"ImageObject","inLanguage":"fr-FR","@id":"https:\/\/euclid-ctu.fr\/fr\/politique-de-confidentialite\/#primaryimage","url":"https:\/\/euclid-ctu.fr\/wp-content\/uploads\/2021\/11\/euclid-mea.jpg","contentUrl":"https:\/\/euclid-ctu.fr\/wp-content\/uploads\/2021\/11\/euclid-mea.jpg","width":800,"height":800},{"@type":"BreadcrumbList","@id":"https:\/\/euclid-ctu.fr\/fr\/politique-de-confidentialite\/#breadcrumb","itemListElement":[{"@type":"ListItem","position":1,"name":"Accueil","item":"https:\/\/euclid-ctu.fr\/fr\/"},{"@type":"ListItem","position":2,"name":"Politique de confidentialit\u00e9"}]},{"@type":"WebSite","@id":"https:\/\/euclid-ctu.fr\/fr\/#website","url":"https:\/\/euclid-ctu.fr\/fr\/","name":"Euclid","description":"Centre of excellence for clinical trials","publisher":{"@id":"https:\/\/euclid-ctu.fr\/fr\/#organization"},"potentialAction":[{"@type":"SearchAction","target":{"@type":"EntryPoint","urlTemplate":"https:\/\/euclid-ctu.fr\/fr\/?s={search_term_string}"},"query-input":{"@type":"PropertyValueSpecification","valueRequired":true,"valueName":"search_term_string"}}],"inLanguage":"fr-FR"},{"@type":"Organization","@id":"https:\/\/euclid-ctu.fr\/fr\/#organization","name":"Euclid","url":"https:\/\/euclid-ctu.fr\/fr\/","logo":{"@type":"ImageObject","inLanguage":"fr-FR","@id":"https:\/\/euclid-ctu.fr\/fr\/#\/schema\/logo\/image\/","url":"https:\/\/euclid-ctu.fr\/wp-content\/uploads\/2021\/09\/euclid-logo-3.svg","contentUrl":"https:\/\/euclid-ctu.fr\/wp-content\/uploads\/2021\/09\/euclid-logo-3.svg","width":216,"height":74,"caption":"Euclid"},"image":{"@id":"https:\/\/euclid-ctu.fr\/fr\/#\/schema\/logo\/image\/"}}]}},"_links":{"self":[{"href":"https:\/\/euclid-ctu.fr\/fr\/wp-json\/wp\/v2\/pages\/1842","targetHints":{"allow":["GET"]}}],"collection":[{"href":"https:\/\/euclid-ctu.fr\/fr\/wp-json\/wp\/v2\/pages"}],"about":[{"href":"https:\/\/euclid-ctu.fr\/fr\/wp-json\/wp\/v2\/types\/page"}],"author":[{"embeddable":true,"href":"https:\/\/euclid-ctu.fr\/fr\/wp-json\/wp\/v2\/users\/2"}],"replies":[{"embeddable":true,"href":"https:\/\/euclid-ctu.fr\/fr\/wp-json\/wp\/v2\/comments?post=1842"}],"version-history":[{"count":1,"href":"https:\/\/euclid-ctu.fr\/fr\/wp-json\/wp\/v2\/pages\/1842\/revisions"}],"predecessor-version":[{"id":1843,"href":"https:\/\/euclid-ctu.fr\/fr\/wp-json\/wp\/v2\/pages\/1842\/revisions\/1843"}],"wp:featuredmedia":[{"embeddable":true,"href":"https:\/\/euclid-ctu.fr\/fr\/wp-json\/wp\/v2\/media\/1812"}],"wp:attachment":[{"href":"https:\/\/euclid-ctu.fr\/fr\/wp-json\/wp\/v2\/media?parent=1842"}],"curies":[{"name":"wp","href":"https:\/\/api.w.org\/{rel}","templated":true}]}}